{"id":32,"date":"2021-10-29T17:15:39","date_gmt":"2021-10-29T15:15:39","guid":{"rendered":"https:\/\/anneangelini.com\/?page_id=32"},"modified":"2021-11-07T22:12:37","modified_gmt":"2021-11-07T21:12:37","slug":"a-propos","status":"publish","type":"page","link":"https:\/\/anneangelini.com\/index.php\/a-propos\/","title":{"rendered":"A propos"},"content":{"rendered":"\n<p><\/p>\n\n\n\n<figure class=\"wp-block-image size-large\"><img loading=\"lazy\" width=\"882\" height=\"1024\" src=\"https:\/\/anneangelini.com\/wp-content\/uploads\/2021\/10\/Anne-Angelini-882x1024.jpg\" alt=\"\" class=\"wp-image-35\" srcset=\"https:\/\/anneangelini.com\/wp-content\/uploads\/2021\/10\/Anne-Angelini-882x1024.jpg 882w, https:\/\/anneangelini.com\/wp-content\/uploads\/2021\/10\/Anne-Angelini-258x300.jpg 258w, https:\/\/anneangelini.com\/wp-content\/uploads\/2021\/10\/Anne-Angelini-768x892.jpg 768w, https:\/\/anneangelini.com\/wp-content\/uploads\/2021\/10\/Anne-Angelini-1323x1536.jpg 1323w, https:\/\/anneangelini.com\/wp-content\/uploads\/2021\/10\/Anne-Angelini-1764x2048.jpg 1764w, https:\/\/anneangelini.com\/wp-content\/uploads\/2021\/10\/Anne-Angelini-1200x1393.jpg 1200w, https:\/\/anneangelini.com\/wp-content\/uploads\/2021\/10\/Anne-Angelini-1980x2299.jpg 1980w\" sizes=\"(max-width: 767px) 89vw, (max-width: 1000px) 54vw, (max-width: 1071px) 543px, 580px\" \/><\/figure>\n\n\n\n<p>Toute ma vie, j&#8217;ai \u00e9t\u00e9 en contact avec du public, que ce soit dans mon r\u00f4le de professeur de langues, puis de guide touristique et enfin d&#8217;enseignante de yoga.<\/p>\n\n\n\n<p>Tr\u00e8s vite, lorsque j&#8217;ai commenc\u00e9 \u00e0 dispenser des cours de yoga, les \u00e9l\u00e8ves que j&#8217;accueillais venaient me consulter en dehors des s\u00e9ances pour \u00eatre accompagn\u00e9s et conseill\u00e9s dans leur parcours de vie.<\/p>\n\n\n\n<p>M\u00eame si je me suis tout de suite sentie tr\u00e8s \u00e0 l&#8217;aise et \u00e0 ma place dans cet accompagnement, mon go\u00fbt de l&#8217;apprentissage, de la d\u00e9couverte de nouvelles disciplines et mon professionnalisme m&#8217;ont donn\u00e9 envie de me former aux techniques sp\u00e9cifiques du coaching.<\/p>\n\n\n\n<p>Pendant des ann\u00e9es, j&#8217;avais en t\u00eate de me former sans v\u00e9ritablement trouver la formation qui me convenait jusqu&#8217;\u00e0 ce que je d\u00e9couvre David Lefran\u00e7ois et son Institut des Neurosciences appliqu\u00e9es. Je me suis tout de suite sentie  attir\u00e9e par cette formation qui prenait tout son sens dans la logique de neuroplasticit\u00e9 sur laquelle je travaillais d\u00e9j\u00e0 lors des modules de m\u00e9ditation que j&#8217;avais \u00e9labor\u00e9s. L&#8217;aventure se poursuivait naturellement&#8230;<\/p>\n\n\n\n<p><\/p>\n","protected":false},"excerpt":{"rendered":"<p>Toute ma vie, j&#8217;ai \u00e9t\u00e9 en contact avec du public, que ce soit dans mon r\u00f4le de professeur de langues, puis de guide touristique et enfin d&#8217;enseignante de yoga. Tr\u00e8s vite, lorsque j&#8217;ai commenc\u00e9 \u00e0 dispenser des cours de yoga, les \u00e9l\u00e8ves que j&#8217;accueillais venaient me consulter en dehors des s\u00e9ances pour \u00eatre accompagn\u00e9s et &hellip; <\/p>\n<p class=\"link-more\"><a href=\"https:\/\/anneangelini.com\/index.php\/a-propos\/\" class=\"more-link\">Continue reading<span class=\"screen-reader-text\"> &#8220;A propos&#8221;<\/span><\/a><\/p>\n","protected":false},"author":1,"featured_media":0,"parent":0,"menu_order":0,"comment_status":"closed","ping_status":"closed","template":"","meta":[],"_links":{"self":[{"href":"https:\/\/anneangelini.com\/index.php\/wp-json\/wp\/v2\/pages\/32"}],"collection":[{"href":"https:\/\/anneangelini.com\/index.php\/wp-json\/wp\/v2\/pages"}],"about":[{"href":"https:\/\/anneangelini.com\/index.php\/wp-json\/wp\/v2\/types\/page"}],"author":[{"embeddable":true,"href":"https:\/\/anneangelini.com\/index.php\/wp-json\/wp\/v2\/users\/1"}],"replies":[{"embeddable":true,"href":"https:\/\/anneangelini.com\/index.php\/wp-json\/wp\/v2\/comments?post=32"}],"version-history":[{"count":4,"href":"https:\/\/anneangelini.com\/index.php\/wp-json\/wp\/v2\/pages\/32\/revisions"}],"predecessor-version":[{"id":81,"href":"https:\/\/anneangelini.com\/index.php\/wp-json\/wp\/v2\/pages\/32\/revisions\/81"}],"wp:attachment":[{"href":"https:\/\/anneangelini.com\/index.php\/wp-json\/wp\/v2\/media?parent=32"}],"curies":[{"name":"wp","href":"https:\/\/api.w.org\/{rel}","templated":true}]}}